{"id":38,"date":"2019-06-17T16:46:09","date_gmt":"2019-06-17T16:46:09","guid":{"rendered":"https:\/\/air-pollution.health\/fr\/?page_id=38"},"modified":"2019-07-07T12:13:08","modified_gmt":"2019-07-07T12:13:08","slug":"downloads","status":"publish","type":"page","link":"https:\/\/air-pollution.health\/fr\/home\/downloads\/","title":{"rendered":"T\u00e9l\u00e9chargements"},"content":{"rendered":"<h3>T\u00e9l\u00e9chargements<\/h3>\n","protected":false},"excerpt":{"rendered":"<p>T\u00e9l\u00e9chargements<\/p>\n","protected":false},"author":1,"featured_media":0,"parent":5,"menu_order":4,"comment_status":"closed","ping_status":"closed","template":"","meta":[],"acf":[],"_links":{"self":[{"href":"https:\/\/air-pollution.health\/fr\/wp-json\/wp\/v2\/pages\/38"}],"collection":[{"href":"https:\/\/air-pollution.health\/fr\/wp-json\/wp\/v2\/pages"}],"about":[{"href":"https:\/\/air-pollution.health\/fr\/wp-json\/wp\/v2\/types\/page"}],"author":[{"embeddable":true,"href":"https:\/\/air-pollution.health\/fr\/wp-json\/wp\/v2\/users\/1"}],"replies":[{"embeddable":true,"href":"https:\/\/air-pollution.health\/fr\/wp-json\/wp\/v2\/comments?post=38"}],"version-history":[{"count":4,"href":"https:\/\/air-pollution.health\/fr\/wp-json\/wp\/v2\/pages\/38\/revisions"}],"predecessor-version":[{"id":76,"href":"https:\/\/air-pollution.health\/fr\/wp-json\/wp\/v2\/pages\/38\/revisions\/76"}],"up":[{"embeddable":true,"href":"https:\/\/air-pollution.health\/fr\/wp-json\/wp\/v2\/pages\/5"}],"wp:attachment":[{"href":"https:\/\/air-pollution.health\/fr\/wp-json\/wp\/v2\/media?parent=38"}],"curies":[{"name":"wp","href":"https:\/\/api.w.org\/{rel}","templated":true}]}}