{"id":9,"date":"2019-06-17T07:17:32","date_gmt":"2019-06-17T07:17:32","guid":{"rendered":"https:\/\/air-pollution.health\/es\/?page_id=9"},"modified":"2019-06-17T15:20:45","modified_gmt":"2019-06-17T15:20:45","slug":"call-to-action","status":"publish","type":"page","link":"https:\/\/air-pollution.health\/es\/home\/call-to-action\/","title":{"rendered":"Llamamiento a la acci\u00f3n"},"content":{"rendered":"<h3>Llamamiento a la acci\u00f3n<\/h3>\n<p>Las cinco Academias Nacionales de Ciencias y Medicina de Sud\u00e1frica, Brasil, Alemania y los Estados Unidos de Am\u00e9rica est\u00e1n haciendo llamamientos a la acci\u00f3n a l\u00edderes gubernamentales, empresas y ciudadanos para que la contaminaci\u00f3n del aire se frene en todos los pa\u00edses. Este llamamiento est\u00e1 respaldado por pruebas cient\u00edficas inequ\u00edvocas sobre los efectos de la contaminaci\u00f3n del aire en la salud.<\/p>\n<p>Muchos de los acuerdos, resoluciones, convenios e iniciativas existentes ya abordan algunos aspectos. Entre ellos se encuentran el Protocolo de Montreal, el Convenio de la Comisi\u00f3n Econ\u00f3mica para Europa de las Naciones Unidas sobre la contaminaci\u00f3n del aire transfronteriza a larga distancia, el Convenio Marco de la OMS para el Control del Tabaco y la resoluci\u00f3n de la Asamblea Mundial de la Salud sobre el impacto de la contaminaci\u00f3n del aire en la salud.<\/p>\n<p>Por lo tanto, las Academias proponen la adopci\u00f3n de un pacto mundial sobre la contaminaci\u00f3n del aire, lo que garantizar\u00eda un compromiso continuo al m\u00e1s alto nivel y establecer\u00eda como prioridad para todos el control y la reducci\u00f3n de la contaminaci\u00f3n del aire. Tambi\u00e9n animar\u00eda a los legisladores y a otros socios clave, incluido el sector privado, a incorporar la vigilancia y la disminuci\u00f3n de las emisiones en la planificaci\u00f3n nacional y local, en los procesos de desarrollo y en las estrategias empresariales y financieras. Para que un proceso as\u00ed tuviera \u00e9xito, ser\u00eda necesario que hubiera tanto liderazgo pol\u00edtico como asociacionesque colaborasen con las estructuras multinacionales existentes.<\/p>\n<p>Las Academias reconocen que no existe una soluci\u00f3n perfecta para todos los casos en todos los pa\u00edses. Sin embargo, es necesario actuar con urgencia en los siguientes \u00e1mbitos.<\/p>\n<p>Hay muchas soluciones pol\u00edticas y tecnol\u00f3gicas para reducir los productos nocivos de la combusti\u00f3n. En el caso de las fuentes estacionarias, incluyen la aplicaci\u00f3n de controles de emisiones para la industria y las centrales el\u00e9ctricas, o el cambio a combustibles limpios. Con respecto a los hogares, una soluci\u00f3n es tener acceso a combustibles dom\u00e9sticos limpios. Para la quema controlada de biomasa, cabe mencionar la imposici\u00f3n de normas para eliminar la quema de basura y las nuevas t\u00e9cnicas agr\u00edcolas para disminuir la quema de cultivos. En cuanto a las fuentes m\u00f3viles, est\u00e1n el fomento y la inversi\u00f3n en transportes masivos e infraestructuras urbanas sostenibles.<\/p>\n<p>Es necesario compartir pol\u00edticas y tecnolog\u00edas eficaces. Donde proceda, estas estrategias deber\u00edan ponerse en pr\u00e1ctica urgentemente en pa\u00edses de todos los niveles de desarrollo econ\u00f3mico del mundo. Algunas soluciones cuentan con un alto grado de consenso. En cambio, cuando falta ese consenso o la elecci\u00f3n pol\u00edtica depende en gran medida del contexto (dada la heterogeneidad de los sistemas jur\u00eddicos, la geograf\u00eda, la fase de desarrollo econ\u00f3mico y las fuentes de contaminaci\u00f3n), es preciso adaptar las pol\u00edticas, aunque en muchas partes del mundo se necesitan medidas universales.<\/p>\n<p>Hay que recopilar casos de \u00e9xito de ciudades y pa\u00edsesen la lucha contra la contaminaci\u00f3n del aire, y extraer ense\u00f1anzas de ellos que se compartan con los pa\u00edses en los que se empieza a lidiar con la cuesti\u00f3n.<\/p>\n<p>La exposici\u00f3n de las persona est\u00e1 directamente relacionada con la densidad de poblaci\u00f3n, la concentraci\u00f3n de los contaminantes y la duraci\u00f3n de la exposici\u00f3n. Al optimizar los costes y beneficios de las medidastomadas para mejorar la calidad del aire, se debe dar prioridad a las fuentes de contaminaci\u00f3n cuya exposici\u00f3n poblacional pueda limitarse de forma rentable y a la disminuci\u00f3n de la exposici\u00f3n entre los miembros m\u00e1s pobres de la sociedad. Se reconoce, no obstante, que estos dos par\u00e1metros a veces pueden entrar en conflicto.<\/p>\n<p>Realizar un seguimiento suficiente de los principales par\u00e1metros de poluci\u00f3n, especialmente las concentraciones de PM2,5y la exposici\u00f3n de las personas, es una necesidad imperiosa en todos los pa\u00edses. Otra necesidad es el uso de an\u00e1lisis estad\u00edsticos de seguimiento, que pueden servir para evaluar el acierto de las medidas normativas.<\/p>\n<p>Es necesario identificar los beneficios colaterales entre los instrumentos pol\u00edticos. Hay que priorizar las pol\u00edticas que ampl\u00eden las sinergias entre los diversos objetivos de desarrollo, tales como la mitigaci\u00f3n del cambio clim\u00e1tico y la seguridad alimentaria. Las mejoras en la eficiencia energ\u00e9tica permiten reducir tanto el CO2como los productos nocivos de la combusti\u00f3n, al igual que otras muchas iniciativas encaminadas a atenuar el cambio clim\u00e1tico, como una mayor utilizaci\u00f3n de las energ\u00edas renovables y la electrificaci\u00f3n del transporte.<\/p>\n<p>Se debe hacer un esfuerzo para idear estrategias que pongan en pr\u00e1ctica soluciones.Algunas de ellas podr\u00edan ser la creaci\u00f3n de capacidad institucional, la mejora de la gesti\u00f3n y el fomento de mecanismos para la colaboraci\u00f3n entre organismos y para la implementaci\u00f3n.<\/p>\n<p>Usar las herramientas de evaluaci\u00f3n de riesgos y an\u00e1lisis de costes frente a beneficiosayudar\u00e1 a decidir los dise\u00f1os y objetivos de las normativas. Las pol\u00edticas de lucha contra la contaminaci\u00f3n del aire deben elaborarse de modo que permitan reducir la exposici\u00f3n de forma rentable. Lo ideal ser\u00eda que aportaran ventajas en otros \u00e1mbitos igualmente (como el clima) u otros sectores (como la agricultura). Se podr\u00eda incentivar a los contaminadores para que encontrasen modos m\u00e1s baratos de limitar la contaminaci\u00f3n y, por lo tanto, la exposici\u00f3n.<\/p>\n<p>Este llamamiento a la acci\u00f3n requiere movilizar fondos y hacer inversiones sustancialesen oportunidades para disminuir la contaminaci\u00f3n del aire. Adem\u00e1s, se necesita mayor financiaci\u00f3n para la investigaci\u00f3n, la supervisi\u00f3n de la contaminaci\u00f3n, las infraestructuras, la gesti\u00f3n y vigilancia, y las interacciones con las partes interesadas.<\/p>\n<p>Por \u00faltimo, es preciso promover la toma de medidasen las que se informe y anime a los ciudadanos a reducir su huella en la contaminaci\u00f3n del aire y abogar por compromisos audaces por parte de los sectores p\u00fablicos y privados.<\/p>\n","protected":false},"excerpt":{"rendered":"<p>Llamamiento a la acci\u00f3n Las cinco Academias Nacionales de Ciencias y Medicina de Sud\u00e1frica, Brasil, Alemania y los Estados Unidos de Am\u00e9rica est\u00e1n haciendo llamamientos a la acci\u00f3n a l\u00edderes gubernamentales, empresas y ciudadanos para que la contaminaci\u00f3n del aire se frene en todos los pa\u00edses. Este llamamiento est\u00e1 respaldado por pruebas cient\u00edficas inequ\u00edvocas sobre [&hellip;]<\/p>\n","protected":false},"author":1,"featured_media":0,"parent":5,"menu_order":1,"comment_status":"closed","ping_status":"closed","template":"","meta":[],"acf":[],"_links":{"self":[{"href":"https:\/\/air-pollution.health\/es\/wp-json\/wp\/v2\/pages\/9"}],"collection":[{"href":"https:\/\/air-pollution.health\/es\/wp-json\/wp\/v2\/pages"}],"about":[{"href":"https:\/\/air-pollution.health\/es\/wp-json\/wp\/v2\/types\/page"}],"author":[{"embeddable":true,"href":"https:\/\/air-pollution.health\/es\/wp-json\/wp\/v2\/users\/1"}],"replies":[{"embeddable":true,"href":"https:\/\/air-pollution.health\/es\/wp-json\/wp\/v2\/comments?post=9"}],"version-history":[{"count":3,"href":"https:\/\/air-pollution.health\/es\/wp-json\/wp\/v2\/pages\/9\/revisions"}],"predecessor-version":[{"id":42,"href":"https:\/\/air-pollution.health\/es\/wp-json\/wp\/v2\/pages\/9\/revisions\/42"}],"up":[{"embeddable":true,"href":"https:\/\/air-pollution.health\/es\/wp-json\/wp\/v2\/pages\/5"}],"wp:attachment":[{"href":"https:\/\/air-pollution.health\/es\/wp-json\/wp\/v2\/media?parent=9"}],"curies":[{"name":"wp","href":"https:\/\/api.w.org\/{rel}","templated":true}]}}