{"id":12,"date":"2019-06-17T07:53:32","date_gmt":"2019-06-17T07:53:32","guid":{"rendered":"https:\/\/air-pollution.health\/ar\/?page_id=12"},"modified":"2019-08-07T15:47:35","modified_gmt":"2019-08-07T15:47:35","slug":"persons-involved","status":"publish","type":"page","link":"https:\/\/air-pollution.health\/ar\/home\/persons-involved\/","title":{"rendered":"\u0627\u0644\u0645\u0634\u0627\u0631\u0643\u0648\u0646"},"content":{"rendered":"<h3>\u0627\u0644\u0645\u0634\u0627\u0631\u0643\u0648\u0646<\/h3>\n<h4>\u0645\u062c\u0645\u0648\u0639\u0629 \u0627\u0644\u0639\u0645\u0644<\/h4>\n<p><strong>Maria de Fatima Andrade<br \/>\n<\/strong>Professor of Meteorology and Atmo\u00adspheric Sciences, University of S\u00e3o Paulo, S\u00e3o Paulo, Brazil<\/p>\n<p><strong>Paulo Artaxo<br \/>\n<\/strong>Professor of Environmental Physics, University of S\u00e3o Paulo, S\u00e3o Paulo, Brazil<\/p>\n<p><strong>Simone Georges El Khouri Miraglia<br \/>\n<\/strong>Associate Professor and Leader of the Laboratory of Economics, Health and Environmental Pollution (LESPA), Federal University of S\u00e3o Paulo, S\u00e3o Paulo, Brazil<\/p>\n<p><strong>Nelson Gouveia<br \/>\n<\/strong>Associate Professor of Epidemiology, University of S\u00e3o Paulo, S\u00e3o Paulo, Brazil<\/p>\n<p><strong>Alan J. Krupnick<br \/>\n<\/strong>Senior Fellow, Resources for the \u00adFuture, Washington, DC, U.S.A.<\/p>\n<p><strong>Jean Krutmann<br \/>\n<\/strong>Scientific Director, IUF\u2009\u2014\u2009Leibniz \u00adResearch Institute for Environmental Medicine, D\u00fcsseldorf, Germany<\/p>\n<p><strong>Philip J. Landrigan<br \/>\n<\/strong>Professor of Biology and Director, Program in Global Public Health and the Common Good, Boston College, Boston, U.S.A.<\/p>\n<p><strong>Kristy Langerman<br \/>\n<\/strong>Senior Lecturer, University of Johannesburg, Johannesburg, South Africa<\/p>\n<p><strong>Tafadzwa Makonese<br \/>\n<\/strong>Senior Researcher and Lab Manager, University of Johannesburg, Johannesburg, South Africa<\/p>\n<p><strong>Angela Mathee<br \/>\n<\/strong>Director MRC Environment &amp; Health Research Unit, South African Medical Research Council (SAMRC), Johannesburg, South Africa<\/p>\n<p><strong>Stuart Piketh<br \/>\n<\/strong>Professor of Environmental Science, North-West University, Potchefstroom, South Africa<\/p>\n<p><strong>Beate Ritz<br \/>\n<\/strong>Professor of Epidemiology and Environmental Health Sciences, University of California, Los Angeles, U.S.A.<\/p>\n<p><strong>Paulo H. N. Saldiva<br \/>\n<\/strong>Director, Institute of Advanced Studies, University of S\u00e3o Paulo, S\u00e3o Paulo, Brazil<\/p>\n<p><strong>Jonathan Samet<br \/>\n<\/strong>Dean, Colorado School of Public Health, Aurora, U.S.A.<\/p>\n<p><strong>Tamara Schikowski<br \/>\n<\/strong>Head of Research Group \u201cEnvironmental epidemiology of lung, brain and skin aging\u201d, IUF\u2009\u2014\u2009Leibniz Research Institute for Environmental Medicine, D\u00fcsseldorf, Germany<\/p>\n<p><strong>Alexandra Schneider<br \/>\n<\/strong>Head of Research Group \u201cEnvironmental Risks\u201d, Institute of Epidemiology, Helmholtz Zentrum M\u00fcnchen\u2009\u2014\u2009German Research Center for Environmental Health, Neuherberg, Germany<\/p>\n<p><strong>Kirk R. Smith<br \/>\n<\/strong>Professor of Global Environmental Health, University of California, Berkeley, U.S.A. and Director, Collaborative Clean Air Policy Centre, Delhi, India<\/p>\n<p><strong>Claudia Traidl-Hoffmann<br \/>\n<\/strong>Chair and Institute of Environmental Medicine, UNIKA-T, Technical University of Munich and Helmholtz Zentrum M\u00fcnchen\u2009\u2014\u2009German Research Center for Environmental\u00a0Health, Augsburg, Germany<\/p>\n<p><strong>Alfred Wiedensohler<br \/>\n<\/strong>Head of Department for Experimental Aerosol and Cloud Microphysics, Leibniz Institute for Tropospheric Research, Leipzig, Germany<\/p>\n<p><strong>Caradee Wright<br \/>\n<\/strong>Specialist Scientist, South African Medical Research Council (SAMRC), Parktown, South Africa<\/p>\n<h4>\u0627\u0644\u062e\u0628\u0631\u0627\u0621 \u0627\u0644\u062e\u0627\u0631\u062c\u064a\u0648\u0646 \u0627\u0644\u0645\u062f\u0639\u0648\u0648\u0646<\/h4>\n<p><strong>David Richard Boyd<br \/>\n<\/strong>United Nations Special Rapporteur on Human Rights and the Environment, Office of the United Nations High Commissioner for Human Rights (OHCHR), Geneva, Switzerland<\/p>\n<p><strong>Valentin Foltescu<br \/>\n<\/strong>Senior Science and Programme Officer, Climate and Clean Air Coalition Secretariat, United Nations Environment, New Delhi, India<\/p>\n<p><strong>Richard Fuller<br \/>\n<\/strong>Lancet Commission on Pollution and Health Co-Chair, Pure Earth and Global Alliance on Health and Pollution, New York, U.S.A.<\/p>\n<p><strong>Dorota Jarosi\u0144ska<br \/>\n<\/strong>Programme Manager, World Health Organization, European Centre for Environment and Health, Bonn, Germany<\/p>\n<p><strong>Jacqueline Myriam McGlade<br \/>\n<\/strong>Former Chief Scientist, United Nations Environment, Nairobi, Kenya<\/p>\n<p><strong>Drew Shindell<br \/>\n<\/strong>Duke University Durham, NC, U.S.A. and Chair of the Scientific Advisory Panel, Climate and Clean Air Coalition, Paris, France<\/p>\n<h4>\u0627\u0644\u0633\u0643\u0631\u062a\u0627\u0631\u064a\u0629<\/h4>\n<p><strong>Marcos Cortesao Barnsley Scheuenstuhl<br \/>\n<\/strong>Executive Director of International Affairs, Brazilian Academy of Sciences (ABC), Rio de Janeiro, Brazil<\/p>\n<p><strong>John P. Boright<br \/>\n<\/strong>Director of International Affairs, U.S. National Academy of Sciences (NAS), Washington, DC, U.S.A.<\/p>\n<p><strong>Siyavuya Bulani<br \/>\n<\/strong>Senior Liaison Officer, Academy of Science of South Africa (ASSAf), Pretoria, South Africa<\/p>\n<p><strong>Margaret Hamburg<br \/>\n<\/strong>Foreign Secretary, U.S. National Academy of Medicine (NAM), Washington, DC, U.S.A.<\/p>\n<p><strong>Kathrin Happe<br \/>\n<\/strong>Deputy Head of Department of Science\u2009\u2014\u2009Policy\u2009\u2014\u2009Society, German National Academy of Sciences Leopoldina, Halle (Saale), Germany<\/p>\n<p><strong>Jan Nissen<br \/>\n<\/strong>Senior Officer, Department of International Relations, German National Academy of Sciences Leopoldina, Halle (Saale), Germany<\/p>\n<p><strong>Isabel Scheer<br \/>\n<\/strong>Assistant, Department of Inter\u00adnational Relations, German National Academy of Sciences Leopoldina, Halle (Saale), Germany<\/p>\n","protected":false},"excerpt":{"rendered":"<p>\u0627\u0644\u0645\u0634\u0627\u0631\u0643\u0648\u0646 \u0645\u062c\u0645\u0648\u0639\u0629 \u0627\u0644\u0639\u0645\u0644 Maria de Fatima Andrade Professor of Meteorology and Atmo\u00adspheric Sciences, University of S\u00e3o Paulo, S\u00e3o Paulo, Brazil Paulo Artaxo Professor of Environmental Physics, University of S\u00e3o Paulo, S\u00e3o Paulo, Brazil Simone Georges El Khouri Miraglia Associate Professor and Leader of the Laboratory of Economics, Health and Environmental Pollution (LESPA), Federal University of [&hellip;]<\/p>\n","protected":false},"author":1,"featured_media":0,"parent":5,"menu_order":2,"comment_status":"closed","ping_status":"closed","template":"","meta":[],"acf":[],"_links":{"self":[{"href":"https:\/\/air-pollution.health\/ar\/wp-json\/wp\/v2\/pages\/12"}],"collection":[{"href":"https:\/\/air-pollution.health\/ar\/wp-json\/wp\/v2\/pages"}],"about":[{"href":"https:\/\/air-pollution.health\/ar\/wp-json\/wp\/v2\/types\/page"}],"author":[{"embeddable":true,"href":"https:\/\/air-pollution.health\/ar\/wp-json\/wp\/v2\/users\/1"}],"replies":[{"embeddable":true,"href":"https:\/\/air-pollution.health\/ar\/wp-json\/wp\/v2\/comments?post=12"}],"version-history":[{"count":7,"href":"https:\/\/air-pollution.health\/ar\/wp-json\/wp\/v2\/pages\/12\/revisions"}],"predecessor-version":[{"id":88,"href":"https:\/\/air-pollution.health\/ar\/wp-json\/wp\/v2\/pages\/12\/revisions\/88"}],"up":[{"embeddable":true,"href":"https:\/\/air-pollution.health\/ar\/wp-json\/wp\/v2\/pages\/5"}],"wp:attachment":[{"href":"https:\/\/air-pollution.health\/ar\/wp-json\/wp\/v2\/media?parent=12"}],"curies":[{"name":"wp","href":"https:\/\/api.w.org\/{rel}","templated":true}]}}